{"id":393,"date":"2022-04-14T05:58:22","date_gmt":"2022-04-14T05:58:22","guid":{"rendered":"https:\/\/gettingmarriedindenmark.com\/?page_id=393"},"modified":"2025-12-29T17:58:19","modified_gmt":"2025-12-29T15:58:19","slug":"same-sex-marriages-in-denmark","status":"publish","type":"page","link":"https:\/\/gettingmarriedindenmark.com\/de\/hochzeits-hub\/gleichgeschlechtliche-eheschliessungen-in-daenemark\/","title":{"rendered":"Gleichgeschlechtliche Eheschlie\u00dfungen in D\u00e4nemark"},"content":{"rendered":"<div data-elementor-type=\"wp-page\" data-elementor-id=\"393\" class=\"elementor elementor-393\" data-elementor-post-type=\"page\">\n\t\t\t\t<div class=\"elementor-element elementor-element-6370ca96 e-flex e-con-boxed e-con e-parent\" data-id=\"6370ca96\" data-element_type=\"container\" data-e-type=\"container\">\n\t\t\t\t\t<div class=\"e-con-inner\">\n\t\t<div class=\"elementor-element elementor-element-d6ec0c9 e-flex e-con-boxed e-con e-child\" data-id=\"d6ec0c9\" data-element_type=\"container\" data-e-type=\"container\">\n\t\t\t\t\t<div class=\"e-con-inner\">\n\t\t<div class=\"elementor-element elementor-element-e532bb8 e-con-full e-flex e-con e-child\" data-id=\"e532bb8\" data-element_type=\"container\" data-e-type=\"container\" data-settings=\"{&quot;background_background&quot;:&quot;classic&quot;}\">\n\t\t\t\t<div class=\"elementor-element elementor-element-5053d8c elementor-hidden-desktop elementor-hidden-tablet elementor-hidden-mobile elementor-widget elementor-widget-text-editor\" data-id=\"5053d8c\" data-element_type=\"widget\" data-e-type=\"widget\" data-widget_type=\"text-editor.default\">\n\t\t\t\t<div class=\"elementor-widget-container\">\n\t\t\t\t\t\t\t\t\t<p><strong>Diesen Artikel anh\u00f6ren<\/strong><\/p><p><audio class=\"wp-audio-shortcode\" id=\"audio-393-1\" preload=\"none\" style=\"width: 100%;\" controls=\"controls\"><source type=\"audio\/mpeg\" src=\"https:\/\/gettingmarriedindenmark.com\/wp-content\/uploads\/2023\/03\/premade_Adam-2.mp3?_=1\" \/><a href=\"https:\/\/gettingmarriedindenmark.com\/wp-content\/uploads\/2023\/03\/premade_Adam-2.mp3\">https:\/\/gettingmarriedindenmark.com\/wp-content\/uploads\/2023\/03\/premade_Adam-2.mp3<\/a><\/audio><\/p>\t\t\t\t\t\t\t\t<\/div>\n\t\t\t\t<\/div>\n\t\t\t\t<div class=\"elementor-element elementor-element-9df5545 elementor-widget elementor-widget-text-editor\" data-id=\"9df5545\" data-element_type=\"widget\" data-e-type=\"widget\" data-widget_type=\"text-editor.default\">\n\t\t\t\t<div class=\"elementor-widget-container\">\n\t\t\t\t\t\t\t\t\t<p><strong>D\u00fcrfen gleichgeschlechtliche Paare in D\u00e4nemark heiraten?<\/strong><\/p><p>Aber sicher! D\u00e4nemark ist ein beliebtes Ziel f\u00fcr gleichgeschlechtliche Paare, die heiraten m\u00f6chten. D\u00e4nemark war das erste Land der Welt, das 1989 gleichgeschlechtliche Partnerschaften anerkannte. Diese Regelung wurde inzwischen durch ein neues Gesetz zur gleichgeschlechtlichen Ehe ersetzt.<\/p><p>Heute ist es kaum zu glauben, dass es fr\u00fcher nicht m\u00f6glich war, jemanden des gleichen Geschlechts zu heiraten.\u00a0<\/p>\t\t\t\t\t\t\t\t<\/div>\n\t\t\t\t<\/div>\n\t\t\t\t<div class=\"elementor-element elementor-element-266403d elementor-widget elementor-widget-image\" data-id=\"266403d\" data-element_type=\"widget\" data-e-type=\"widget\" data-widget_type=\"image.default\">\n\t\t\t\t<div class=\"elementor-widget-container\">\n\t\t\t\t\t\t\t\t\t\t\t\t\t\t\t<img fetchpriority=\"high\" decoding=\"async\" width=\"768\" height=\"512\" src=\"https:\/\/gettingmarriedindenmark.com\/wp-content\/uploads\/2022\/04\/John-and-victor-holding-hands-768x512.jpg.webp\" class=\"attachment-full size-full wp-image-547\" alt=\"\" srcset=\"https:\/\/gettingmarriedindenmark.com\/wp-content\/uploads\/2022\/04\/John-and-victor-holding-hands-768x512.jpg.webp 768w, https:\/\/gettingmarriedindenmark.com\/wp-content\/uploads\/2022\/04\/John-and-victor-holding-hands-768x512.jpg-300x200.webp 300w\" sizes=\"(max-width: 768px) 100vw, 768px\" title=\"\">\t\t\t\t\t\t\t\t\t\t\t\t\t\t\t<\/div>\n\t\t\t\t<\/div>\n\t\t\t\t<div class=\"elementor-element elementor-element-50d89fd sub-level3 elementor-widget elementor-widget-heading\" data-id=\"50d89fd\" data-element_type=\"widget\" data-e-type=\"widget\" id=\"The-First-Country-in-the-World-to-Allow-Same-Sex-Marriage\" data-widget_type=\"heading.default\">\n\t\t\t\t<div class=\"elementor-widget-container\">\n\t\t\t\t\t<h3 class=\"elementor-heading-title elementor-size-default\">Das erste Land der Welt, das gleichgeschlechtliche Ehen erlaubt<\/h3>\t\t\t\t<\/div>\n\t\t\t\t<\/div>\n\t\t\t\t<div class=\"elementor-element elementor-element-524d9a4 elementor-widget elementor-widget-text-editor\" data-id=\"524d9a4\" data-element_type=\"widget\" data-e-type=\"widget\" data-widget_type=\"text-editor.default\">\n\t\t\t\t<div class=\"elementor-widget-container\">\n\t\t\t\t\t\t\t\t\t<p>Und selbstverst\u00e4ndlich ist die gleichgeschlechtliche Ehe in D\u00e4nemark erlaubt.\u00a0<\/p><p>Wir k\u00f6nnen immer noch nicht begreifen, dass es Politiker gibt, die anderen das Heiraten verbieten wollen. Zum Gl\u00fcck ist das in D\u00e4nemark Geschichte.\u00a0<\/p><p>1989 war D\u00e4nemark das erste Land der Welt, das gleichgeschlechtlichen Paaren die Gleichbehandlung zugestand.\u00a0<\/p><p>F\u00fcr uns ist es gro\u00dfartig, dass wir Ausw\u00e4rtigen bei gleichgeschlechtlichen Eheschlie\u00dfungen in D\u00e4nemark behilflich sein k\u00f6nnen, vor allem hier in Kopenhagen, wo alles begann. Uns ist bewusst, dass es f\u00fcr unsere Paare oft etwas ganz Besonderes ist, wenn sie sich inmitten von Kopenhagens progressivem Verm\u00e4chtnis im Hinblick auf LGBT-Rechte wiederfinden.\u00a0<\/p><p>Obwohl D\u00e4nemark das erste Land der Welt war, das gleichgeschlechtliche Partnerschaften rechtlich anerkannte, konnte man \u00fcberraschenderweise erst 2012 tats\u00e4chlich heiraten.\u00a0<\/p><p>Das bedeutet, dass eine gleichgeschlechtliche Heirat in D\u00e4nemark f\u00fcr Ausw\u00e4rtige seit 2012 m\u00f6glich ist.<\/p>\t\t\t\t\t\t\t\t<\/div>\n\t\t\t\t<\/div>\n\t\t\t\t<div class=\"elementor-element elementor-element-9d903ad sub-level3 elementor-widget elementor-widget-heading\" data-id=\"9d903ad\" data-element_type=\"widget\" data-e-type=\"widget\" id=\"Gay-Marriage-in-Denmark-for-Foreigners\" data-widget_type=\"heading.default\">\n\t\t\t\t<div class=\"elementor-widget-container\">\n\t\t\t\t\t<h3 class=\"elementor-heading-title elementor-size-default\">Gleichgeschlechtliche Heirat in D\u00e4nemark f\u00fcr Ausl\u00e4nder<\/h3>\t\t\t\t<\/div>\n\t\t\t\t<\/div>\n\t\t\t\t<div class=\"elementor-element elementor-element-bc66a10 elementor-widget elementor-widget-text-editor\" data-id=\"bc66a10\" data-element_type=\"widget\" data-e-type=\"widget\" data-widget_type=\"text-editor.default\">\n\t\t\t\t<div class=\"elementor-widget-container\">\n\t\t\t\t\t\t\t\t\t<p>D\u00e4nemark und die gleichgeschlechtliche Ehe geh\u00f6ren f\u00fcr unsere Besucher aus dem Ausland zusammen wie Herz &amp; Seele.\u00a0<\/p><p>Tats\u00e4chlich gibt es bei der gleichgeschlechtlichen Heirat in D\u00e4nemark keine Unterschiede zwischen Ausl\u00e4ndern und anderen Personengruppen (D\u00e4nen, Deutsche, Hetero, etc.).\u00a0<\/p><p>Wir verstehen, dass es f\u00fcr jedes Paar \u00fcberw\u00e4ltigend sein kann, in ein anderes Land zu gehen, um dort zu heiraten und m\u00f6glicherweise gilt dies f\u00fcr gleichgeschlechtliche Paare angesichts der Schwierigkeiten, denen sie an manchen Orten der Welt immer noch begegnen, umso mehr.\u00a0<\/p><p>Deshalb m\u00f6chten wir Sie herzlich dazu einladen, sich an uns zu wenden und uns alle Fragen zu stellen, die Sie in Bezug auf Ihre Situation haben k\u00f6nnten.<\/p>\t\t\t\t\t\t\t\t<\/div>\n\t\t\t\t<\/div>\n\t\t\t\t<div class=\"elementor-element elementor-element-3c587ac sub-level3 elementor-widget elementor-widget-heading\" data-id=\"3c587ac\" data-element_type=\"widget\" data-e-type=\"widget\" id=\"#Gay-Marriage-Agency-for-Your-Gay-Wedding-Abroad\" data-widget_type=\"heading.default\">\n\t\t\t\t<div class=\"elementor-widget-container\">\n\t\t\t\t\t<h3 class=\"elementor-heading-title elementor-size-default\">Die Agentur f\u00fcr Ihre gleichgeschlechtliche Eheschlie\u00dfung im Ausland?<\/h3>\t\t\t\t<\/div>\n\t\t\t\t<\/div>\n\t\t\t\t<div class=\"elementor-element elementor-element-8a84baa elementor-widget elementor-widget-text-editor\" data-id=\"8a84baa\" data-element_type=\"widget\" data-e-type=\"widget\" data-widget_type=\"text-editor.default\">\n\t\t\t\t<div class=\"elementor-widget-container\">\n\t\t\t\t\t\t\t\t\t<p>Sie erw\u00e4gen eine gleichgeschlechtliche Hochzeit im Ausland? Machen Sie sich keine Sorgen! Eine Hochzeit in D\u00e4nemark ist f\u00fcr jedes Paar m\u00f6glich, das gerne heiraten m\u00f6chte.<\/p><p>Wir unterst\u00fctzen <em>alle<\/em> Liebenden bei ihrem Heiratswunsch. Da besteht kein Unterschied, und den sollte es auch nicht geben, richtig?<\/p><p>Wir scheren uns nicht um Etiketten!<\/p>\t\t\t\t\t\t\t\t<\/div>\n\t\t\t\t<\/div>\n\t\t\t\t<div class=\"elementor-element elementor-element-6bce1fb sub-level3 elementor-widget elementor-widget-heading\" data-id=\"6bce1fb\" data-element_type=\"widget\" data-e-type=\"widget\" id=\"#Safety-Precautions\" data-widget_type=\"heading.default\">\n\t\t\t\t<div class=\"elementor-widget-container\">\n\t\t\t\t\t<h3 class=\"elementor-heading-title elementor-size-default\">Sicherheitsma\u00dfnahmen<\/h3>\t\t\t\t<\/div>\n\t\t\t\t<\/div>\n\t\t\t\t<div class=\"elementor-element elementor-element-6556d70 elementor-widget elementor-widget-text-editor\" data-id=\"6556d70\" data-element_type=\"widget\" data-e-type=\"widget\" data-widget_type=\"text-editor.default\">\n\t\t\t\t<div class=\"elementor-widget-container\">\n\t\t\t\t\t\t\t\t\t<div class=\"elementor-element elementor-element-b857734 elementor-widget elementor-widget-text-editor\" data-id=\"b857734\" data-element_type=\"widget\" data-widget_type=\"text-editor.default\"><div class=\"elementor-widget-container\"><div class=\"elementor-text-editor elementor-clearfix\"><p>Die D\u00e4nen sind ein sehr aufgeschlossenes Volk, so dass Ihnen keinerlei Schwierigkeiten begegnen werden, wenn Sie hierher kommen.<\/p><p>Wir machen gelegentlich die Erfahrung, dass ausl\u00e4ndische gleichgeschlechtliche Paare m\u00f6gliche Konsequenzen in ihren Heimatl\u00e4ndern bef\u00fcrchten oder sich sogar w\u00e4hrend der Hochzeitszeremonie Sorgen machen.<\/p><p>Wenn Sie diesbez\u00fcglich Bedenken oder Fragen haben, z\u00f6gern Sie nicht, uns zu fragen. Es gibt immer einen Weg, um alle Probleme zu l\u00f6sen, die Ihnen m\u00f6glicherweise auf der Seele lasten. Die d\u00e4nischen Beh\u00f6rden sind sehr verst\u00e4ndnisvoll und bem\u00fchen sich stets, flexibel zu sein und sich an alle Umst\u00e4nde anzupassen, die f\u00fcr Sie von Bedeutung sind.<\/p><\/div><\/div><\/div>\t\t\t\t\t\t\t\t<\/div>\n\t\t\t\t<\/div>\n\t\t\t\t<div class=\"elementor-element elementor-element-350c4c2 sub-level3 elementor-widget elementor-widget-heading\" data-id=\"350c4c2\" data-element_type=\"widget\" data-e-type=\"widget\" id=\"Privacy\" data-widget_type=\"heading.default\">\n\t\t\t\t<div class=\"elementor-widget-container\">\n\t\t\t\t\t<h2 class=\"elementor-heading-title elementor-size-default\">Privatsph\u00e4re<\/h2>\t\t\t\t<\/div>\n\t\t\t\t<\/div>\n\t\t\t\t<div class=\"elementor-element elementor-element-e327f8e elementor-widget elementor-widget-text-editor\" data-id=\"e327f8e\" data-element_type=\"widget\" data-e-type=\"widget\" data-widget_type=\"text-editor.default\">\n\t\t\t\t<div class=\"elementor-widget-container\">\n\t\t\t\t\t\t\t\t\t<div class=\"elementor-element elementor-element-b857734 elementor-widget elementor-widget-text-editor\" data-id=\"b857734\" data-element_type=\"widget\" data-widget_type=\"text-editor.default\"><div class=\"elementor-widget-container\"><div class=\"elementor-text-editor elementor-clearfix\"><p>Seien Sie unbesorgt.<\/p><p>Niemand wird erfahren, dass Sie geheiratet haben, wenn Sie das nicht wollen.<\/p><p>Die offiziellen d\u00e4nischen Unterlagen sind vertraulich. Das bedeutet, dass Ihre pers\u00f6nlichen Daten geheim bleiben.<\/p><p>Wenn Sie Ihre Hochzeit jedoch registrieren lassen wollen, werden die \u00f6rtlichen Beh\u00f6rden nat\u00fcrlich wissen, dass Sie in D\u00e4nemark geheiratet haben.<\/p><\/div><\/div><\/div>\t\t\t\t\t\t\t\t<\/div>\n\t\t\t\t<\/div>\n\t\t\t\t<div class=\"elementor-element elementor-element-803f05c sub-level3 elementor-widget elementor-widget-heading\" data-id=\"803f05c\" data-element_type=\"widget\" data-e-type=\"widget\" id=\"History-of-LGBT-rights-in-Denmark\" data-widget_type=\"heading.default\">\n\t\t\t\t<div class=\"elementor-widget-container\">\n\t\t\t\t\t<h2 class=\"elementor-heading-title elementor-size-default\">Die Geschichte der LGBTQ+-Rechte in D\u00e4nemark<\/h2>\t\t\t\t<\/div>\n\t\t\t\t<\/div>\n\t\t\t\t<div class=\"elementor-element elementor-element-92fcd9b elementor-widget elementor-widget-text-editor\" data-id=\"92fcd9b\" data-element_type=\"widget\" data-e-type=\"widget\" data-widget_type=\"text-editor.default\">\n\t\t\t\t<div class=\"elementor-widget-container\">\n\t\t\t\t\t\t\t\t\t<p>1933 war D\u00e4nemark eines der ersten L\u00e4nder der Welt, das die gleichgeschlechtliche Liebe zwischen M\u00e4nnern entkriminalisierte.<\/p><p>Die Community und Interesssengruppe<a href=\"https:\/\/lgbt.dk\/en\/\" target=\"_blank\" rel=\"noopener\">\u201eLGBT D\u00e4nemark\"<\/a>entstand im Jahr 1948 und wurden von Axel Axgil gegr\u00fcndet.\u00a0<\/p><p>Axel Axgil und sein Partner Eigil Axgil wurden 1989 das erste LGBT-Paar der Welt, das eine eingetragene Partnerschaft einging und sie heirateten im Rathaus von Kopenhagen.<\/p><p>Dies ist bei ausl\u00e4ndischen Paaren eines der beliebtesten Rath\u00e4user f\u00fcr Eheschlie\u00dfungen in D\u00e4nemark und auch Sie k\u00f6nnten dort Ihre Hochzeit abhalten!<\/p><p>Die pr\u00e4chtige Pride wurde 1996 ins Leben gerufen, und heute floriert sie mit 25.000 aktiven Teilnehmern an der Parade und sch\u00e4tzungsweise 300.000 Menschen, die sich der Parade auf den Stra\u00dfen Kopenhagens anschlie\u00dfen. In Anbetracht der Gr\u00f6\u00dfe von Kopenhagen ist das eine wirklich beeindruckende Parade!<\/p><p>Im Jahr 2014 hat das d\u00e4nische Parlament als erstes Land in Europa und als drittes Land in der Welt erm\u00f6glicht, dass eine Person ihr rechtliches Geschlecht \u00e4ndern kann. Das bedeutete, dass man nun sein Geschlecht \u00e4ndern konnte, ohne sich einer Operation unterziehen zu m\u00fcssen - und ohne b\u00fcrokratischen Aufwand.\u00a0<\/p><p>Seit 2014 hat das d\u00e4nische Parlament einige sehr zu begr\u00fc\u00dfende \u00c4nderungen an den Rechten und dem rechtlichen Status von Transgender-Personen vorgenommen.<\/p><p>Im Jahr 2017 strich das Parlament Transgender von der Liste der \u201epsychischen Krankheiten\u201c. Nach dem alten Rechtssystem ben\u00f6tigte eine transsexuelle Person eine Diagnose, um Zugang zu Hormonbehandlungen und Operationen zu erhalten - als ob die Person krank w\u00e4re.<\/p>\t\t\t\t\t\t\t\t<\/div>\n\t\t\t\t<\/div>\n\t\t\t\t<div class=\"elementor-element elementor-element-d439fb8 sub-level3 elementor-widget elementor-widget-heading\" data-id=\"d439fb8\" data-element_type=\"widget\" data-e-type=\"widget\" id=\"Getting-Married-at-Copenhagen-Pride\" data-widget_type=\"heading.default\">\n\t\t\t\t<div class=\"elementor-widget-container\">\n\t\t\t\t\t<h2 class=\"elementor-heading-title elementor-size-default\">Heiraten w\u00e4hrend der Kopenhagener Pride?<\/h2>\t\t\t\t<\/div>\n\t\t\t\t<\/div>\n\t\t\t\t<div class=\"elementor-element elementor-element-0d97690 elementor-widget elementor-widget-text-editor\" data-id=\"0d97690\" data-element_type=\"widget\" data-e-type=\"widget\" data-widget_type=\"text-editor.default\">\n\t\t\t\t<div class=\"elementor-widget-container\">\n\t\t\t\t\t\t\t\t\t<p><a href=\"http:\/\/copenhagenpride.dk\/\" target=\"_blank\" rel=\"noopener\">Die Copenhagen Pride<\/a> findet jedes Jahr im August statt. Die Parade wird jedes Jahr gr\u00f6\u00dfer und gr\u00f6\u00dfer, und die Stadt vibriert f\u00f6rmlich. Wenn Sie Ihrem Hochzeitstag etwas mehr Pepp verleihen m\u00f6chten, ist eine Hochzeit w\u00e4hrend der Pride-Woche sicherlich eine gute Idee.\u00a0<\/p>\t\t\t\t\t\t\t\t<\/div>\n\t\t\t\t<\/div>\n\t\t\t\t<div class=\"elementor-element elementor-element-9766ad0 sub-level3 elementor-widget elementor-widget-heading\" data-id=\"9766ad0\" data-element_type=\"widget\" data-e-type=\"widget\" id=\"Copenhagens-LGBT-environment\" data-widget_type=\"heading.default\">\n\t\t\t\t<div class=\"elementor-widget-container\">\n\t\t\t\t\t<h2 class=\"elementor-heading-title elementor-size-default\">Copenhagens LGBTQ+-Szene<\/h2>\t\t\t\t<\/div>\n\t\t\t\t<\/div>\n\t\t\t\t<div class=\"elementor-element elementor-element-a2037b3 elementor-widget elementor-widget-text-editor\" data-id=\"a2037b3\" data-element_type=\"widget\" data-e-type=\"widget\" data-widget_type=\"text-editor.default\">\n\t\t\t\t<div class=\"elementor-widget-container\">\n\t\t\t\t\t\t\t\t\t<p>Sie haben keine Ahnung, was es in Kopenhagen zu unternehmen oder zu sehen gibt? Dann schauen Sie doch einfach einmal auf dieser\u00a0<a href=\"https:\/\/queerintheworld.com\/gay-copenhagen-denmark-travel-guide\/\" target=\"_blank\" rel=\"noopener\">dieser Website vorbei.<\/a>Dort k\u00f6nnen Sie sich mit Einheimischen vernetzen und sich \u00fcber Veranstaltungen in Kopenhagen informieren.<\/p>\t\t\t\t\t\t\t\t<\/div>\n\t\t\t\t<\/div>\n\t\t\t\t<div class=\"elementor-element elementor-element-d254f12 sub-level3 elementor-widget elementor-widget-heading\" data-id=\"d254f12\" data-element_type=\"widget\" data-e-type=\"widget\" id=\"LGBT-bars-in-Copenhagen\" data-widget_type=\"heading.default\">\n\t\t\t\t<div class=\"elementor-widget-container\">\n\t\t\t\t\t<h2 class=\"elementor-heading-title elementor-size-default\">LGBTQ-Bars in Kopenhagen<\/h2>\t\t\t\t<\/div>\n\t\t\t\t<\/div>\n\t\t\t\t<div class=\"elementor-element elementor-element-bf30a02 elementor-widget elementor-widget-video\" data-id=\"bf30a02\" data-element_type=\"widget\" data-e-type=\"widget\" data-settings=\"{&quot;youtube_url&quot;:&quot;https:\\\/\\\/youtu.be\\\/C5yA74gjrIU&quot;,&quot;video_type&quot;:&quot;youtube&quot;,&quot;controls&quot;:&quot;yes&quot;}\" data-widget_type=\"video.default\">\n\t\t\t\t<div class=\"elementor-widget-container\">\n\t\t\t\t\t\t\t<div class=\"elementor-wrapper elementor-open-inline\">\n\t\t\t<div class=\"elementor-video\"><\/div>\t\t<\/div>\n\t\t\t\t\t\t<\/div>\n\t\t\t\t<\/div>\n\t\t\t\t<div class=\"elementor-element elementor-element-9339b08 elementor-widget elementor-widget-text-editor\" data-id=\"9339b08\" data-element_type=\"widget\" data-e-type=\"widget\" data-widget_type=\"text-editor.default\">\n\t\t\t\t<div class=\"elementor-widget-container\">\n\t\t\t\t\t\t\t\t\t<p>Die Gegend um die \u201eStudiestr\u00e6de\u201c ist in Kopenhagen wahrscheinlich der richtige Ort, wenn Sie auf der Suche nach einer \u201eGay-Bar\u201c sind.<\/p><p>Tats\u00e4chlich befindet sich die \u00e4lteste Bar der Welt, die als Gay-Bar bekannt wurde, in diesem Viertel von Kopenhagen. Als sie 1917 er\u00f6ffnet wurde, war sie allgemein daf\u00fcr bekannt, dass sich dort M\u00e4nner trafen und im Jahr 1955 wurde sie dann ganz offiziell als Gay-Bar bezeichnet. Die Bar ist immer noch in Betrieb und hei\u00dft \u201eCentralhj\u00f8rnet\u201c. Schauen Sie also auf jeden Fall vorbei, wenn Sie in dieser Gegend sind.\u00a0<\/p><p>Im selben Viertel k\u00f6nnen Sie auch in den Bars \u201eCosy Bar\u201c und \u201eKiss Kiss\u201c vorbeischauen \u2013 oder in jeder anderen Bar, auf die Sie Lust haben.<\/p>\t\t\t\t\t\t\t\t<\/div>\n\t\t\t\t<\/div>\n\t\t\t\t<\/div>\n\t\t\t\t\t<\/div>\n\t\t\t\t<\/div>\n\t\t\t\t\t<\/div>\n\t\t\t\t<\/div>\n\t\t\t\t<\/div>","protected":false},"excerpt":{"rendered":"<p>Listen to this article Can same-sex couples marry in Denmark? Absolutely! Denmark is a popular destination for same-sex couples who wish to marry. Denmark was the first country in the world to grant recognition to same-sex unions in 1989 which has now been replaced by a new same-sex marriage law. Today, it is hard to [&hellip;]<\/p>\n","protected":false},"author":14,"featured_media":30533,"parent":12283,"menu_order":0,"comment_status":"closed","ping_status":"closed","template":"","meta":{"_acf_changed":false,"footnotes":""},"class_list":["post-393","page","type-page","status-publish","has-post-thumbnail","hentry"],"acf":[],"_links":{"self":[{"href":"https:\/\/gettingmarriedindenmark.com\/de\/wp-json\/wp\/v2\/pages\/393","targetHints":{"allow":["GET"]}}],"collection":[{"href":"https:\/\/gettingmarriedindenmark.com\/de\/wp-json\/wp\/v2\/pages"}],"about":[{"href":"https:\/\/gettingmarriedindenmark.com\/de\/wp-json\/wp\/v2\/types\/page"}],"author":[{"embeddable":true,"href":"https:\/\/gettingmarriedindenmark.com\/de\/wp-json\/wp\/v2\/users\/14"}],"replies":[{"embeddable":true,"href":"https:\/\/gettingmarriedindenmark.com\/de\/wp-json\/wp\/v2\/comments?post=393"}],"version-history":[{"count":5,"href":"https:\/\/gettingmarriedindenmark.com\/de\/wp-json\/wp\/v2\/pages\/393\/revisions"}],"predecessor-version":[{"id":36461,"href":"https:\/\/gettingmarriedindenmark.com\/de\/wp-json\/wp\/v2\/pages\/393\/revisions\/36461"}],"up":[{"embeddable":true,"href":"https:\/\/gettingmarriedindenmark.com\/de\/wp-json\/wp\/v2\/pages\/12283"}],"wp:featuredmedia":[{"embeddable":true,"href":"https:\/\/gettingmarriedindenmark.com\/de\/wp-json\/wp\/v2\/media\/30533"}],"wp:attachment":[{"href":"https:\/\/gettingmarriedindenmark.com\/de\/wp-json\/wp\/v2\/media?parent=393"}],"curies":[{"name":"wp","href":"https:\/\/api.w.org\/{rel}","templated":true}]}}